{"id":158,"date":"2013-11-27T16:11:57","date_gmt":"2013-11-27T15:11:57","guid":{"rendered":"http:\/\/gartenfreunde-grafschaftbentheim.de\/?page_id=158"},"modified":"2026-01-11T10:42:35","modified_gmt":"2026-01-11T09:42:35","slug":"willkommen","status":"publish","type":"page","link":"https:\/\/gartenfreunde-grafschaft-emsland.de\/","title":{"rendered":"Willkommen in unseren G\u00e4rten"},"content":{"rendered":"<div class=\"wp-block-image\">\n<figure class=\"alignleft is-resized\"><img loading=\"lazy\" decoding=\"async\" width=\"2560\" height=\"2560\" src=\"https:\/\/gartenfreunde-grafschaft-emsland.de\/wp-content\/uploads\/2025\/02\/2014-04-24-18h55m58-scaled.jpg\" alt=\"\" class=\"wp-image-21672\" style=\"width:277px;height:auto\" srcset=\"https:\/\/gartenfreunde-grafschaft-emsland.de\/wp-content\/uploads\/2025\/02\/2014-04-24-18h55m58-scaled.jpg 2560w, https:\/\/gartenfreunde-grafschaft-emsland.de\/wp-content\/uploads\/2025\/02\/2014-04-24-18h55m58-300x300.jpg 300w, https:\/\/gartenfreunde-grafschaft-emsland.de\/wp-content\/uploads\/2025\/02\/2014-04-24-18h55m58-1024x1024.jpg 1024w, https:\/\/gartenfreunde-grafschaft-emsland.de\/wp-content\/uploads\/2025\/02\/2014-04-24-18h55m58-150x150.jpg 150w, https:\/\/gartenfreunde-grafschaft-emsland.de\/wp-content\/uploads\/2025\/02\/2014-04-24-18h55m58-768x768.jpg 768w, https:\/\/gartenfreunde-grafschaft-emsland.de\/wp-content\/uploads\/2025\/02\/2014-04-24-18h55m58-1536x1536.jpg 1536w, https:\/\/gartenfreunde-grafschaft-emsland.de\/wp-content\/uploads\/2025\/02\/2014-04-24-18h55m58-2048x2048.jpg 2048w, https:\/\/gartenfreunde-grafschaft-emsland.de\/wp-content\/uploads\/2025\/02\/2014-04-24-18h55m58-144x144.jpg 144w\" sizes=\"auto, (max-width: 2560px) 100vw, 2560px\" \/><\/figure>\n<\/div>\n\n\n<p class=\"has-medium-font-size\"><span style=\"color: #000000;\">Wie bereits in den vergangenen Jahren \u00f6ffnen auch in 2026 wieder private Gartenbesitzer ihre G\u00e4rten. In England und den Niederlanden schon lange eine feste Institution, und hier durch\u00a0 Privatinitiative vor mehr als 10 Jahren entstanden, w\u00e4chst diese Gemeinschaft der Gartenliebhaber von Jahr zu Jahr und erfreut sich immer gr\u00f6\u00dferer Beliebtheit.<\/span><\/p>\n\n\n\n<p class=\"has-medium-font-size\"><span style=\"color: #000000;\">Mittlerweile erstrecken sich die \u201eOffenen Gartenpforten\u201c \u00fcber die gesamte Grafschaft und das Emsland. &nbsp;Vom naturbelassenen Gartenparadies \u00fcber parkartige Anlagen mit altem Baumbestand, gro\u00dfen Stauden-Liebhaberg\u00e4rten bis zu sehr individuell gestalteten Hausg\u00e4rten findet jeder Gartenfreund Anregungen und Ideen.<\/span><\/p>\n\n\n\n<p><\/p>\n\n\n\n<p class=\"has-medium-font-size\"><span style=\"color: #000000;\">Wenn Sie Gartenliebhaber sind, Anregungen oder Ideen suchen oder einfach gerne sch\u00f6ne G\u00e4rten besichtigen, dann freuen wir uns, Sie in unseren G\u00e4rten begr\u00fc\u00dfen zu d\u00fcrfen. Genie\u00dfen Sie einfach den Charme und die Vielfalt der unterschiedlichen Gartenanlagen.<\/span><\/p>\n\n\n<div class=\"wp-block-image\">\n<figure class=\"alignright size-large is-resized\"><img loading=\"lazy\" decoding=\"async\" width=\"1024\" height=\"682\" src=\"https:\/\/gartenfreunde-grafschaft-emsland.de\/wp-content\/uploads\/2025\/02\/2014-04-24-18h46m49-1024x682.jpg\" alt=\"\" class=\"wp-image-21703\" style=\"width:327px;height:auto\" srcset=\"https:\/\/gartenfreunde-grafschaft-emsland.de\/wp-content\/uploads\/2025\/02\/2014-04-24-18h46m49-1024x682.jpg 1024w, https:\/\/gartenfreunde-grafschaft-emsland.de\/wp-content\/uploads\/2025\/02\/2014-04-24-18h46m49-300x200.jpg 300w, https:\/\/gartenfreunde-grafschaft-emsland.de\/wp-content\/uploads\/2025\/02\/2014-04-24-18h46m49-768x511.jpg 768w, https:\/\/gartenfreunde-grafschaft-emsland.de\/wp-content\/uploads\/2025\/02\/2014-04-24-18h46m49-1536x1022.jpg 1536w, https:\/\/gartenfreunde-grafschaft-emsland.de\/wp-content\/uploads\/2025\/02\/2014-04-24-18h46m49-2048x1363.jpg 2048w\" sizes=\"auto, (max-width: 1024px) 100vw, 1024px\" \/><\/figure>\n<\/div>\n\n\n<p><\/p>\n\n\n\n<p class=\"has-medium-font-size\"><strong><span style=\"color: #000000;\">Allgemeine Informationen:<\/span><br \/><\/strong><span style=\"color: #000000;\">Die G\u00e4rten sind an den \u201eOffenen Gartentagen\u201c jeweils im Eingangsbereich mit einem Sonnenblumenschild gekennzeichnet. Angaben zum Eintritt, zu den \u00d6ffnungszeiten und zu sonstigen Besonderheiten finden Sie in den Beschreibungen der einzelnen G\u00e4rten.<\/span><\/p>\n\n\n\n<p class=\"has-medium-font-size\"><span style=\"color: #000000;\">Informationen \u00fcber die &#8222;Offenen Gartenpforten&#8220; erfolgen zeitnah in den lokalen Zeitungen und auf unserer Homepage.<\/span><\/p>\n","protected":false},"excerpt":{"rendered":"<p>Wie bereits in den vergangenen Jahren \u00f6ffnen auch in 2026 wieder private Gartenbesitzer ihre G\u00e4rten. In England und den Niederlanden schon lange eine feste Institution, und hier durch\u00a0 Privatinitiative vor mehr als 10 Jahren entstanden, w\u00e4chst diese Gemeinschaft der Gartenliebhaber von Jahr zu Jahr und erfreut sich immer gr\u00f6\u00dferer Beliebtheit. Mittlerweile erstrecken sich die \u201eOffenen [&hellip;]<\/p>\n","protected":false},"author":8,"featured_media":0,"parent":0,"menu_order":1,"comment_status":"closed","ping_status":"closed","template":"","meta":{"footnotes":""},"class_list":["post-158","page","type-page","status-publish","hentry"],"_links":{"self":[{"href":"https:\/\/gartenfreunde-grafschaft-emsland.de\/index.php?rest_route=\/wp\/v2\/pages\/158","targetHints":{"allow":["GET"]}}],"collection":[{"href":"https:\/\/gartenfreunde-grafschaft-emsland.de\/index.php?rest_route=\/wp\/v2\/pages"}],"about":[{"href":"https:\/\/gartenfreunde-grafschaft-emsland.de\/index.php?rest_route=\/wp\/v2\/types\/page"}],"author":[{"embeddable":true,"href":"https:\/\/gartenfreunde-grafschaft-emsland.de\/index.php?rest_route=\/wp\/v2\/users\/8"}],"replies":[{"embeddable":true,"href":"https:\/\/gartenfreunde-grafschaft-emsland.de\/index.php?rest_route=%2Fwp%2Fv2%2Fcomments&post=158"}],"version-history":[{"count":0,"href":"https:\/\/gartenfreunde-grafschaft-emsland.de\/index.php?rest_route=\/wp\/v2\/pages\/158\/revisions"}],"wp:attachment":[{"href":"https:\/\/gartenfreunde-grafschaft-emsland.de\/index.php?rest_route=%2Fwp%2Fv2%2Fmedia&parent=158"}],"curies":[{"name":"wp","href":"https:\/\/api.w.org\/{rel}","templated":true}]}}