{"id":170,"date":"2013-11-27T16:19:12","date_gmt":"2013-11-27T15:19:12","guid":{"rendered":"http:\/\/gartenfreunde-grafschaftbentheim.de\/?page_id=170"},"modified":"2026-03-14T14:00:17","modified_gmt":"2026-03-14T13:00:17","slug":"04-garten-boll-hoogstede","status":"publish","type":"page","link":"https:\/\/gartenfreunde-grafschaft-emsland.de\/?page_id=170","title":{"rendered":"02 Garten Boll &#8211; Hoogstede"},"content":{"rendered":"\n<p>Mit dem Wald als Kulisse l\u00e4dt der\u00a0 5000m\u00b2 gro\u00dfe artenreiche Liebhabergarten mit einigen lauschigen Sitzpl\u00e4tzen, Stauden-, Gr\u00e4ser- und Hostabeeten zum Schlendern, Entdecken und Genie\u00dfen ein.<\/p>\n\n\n\n<div class=\"wp-block-buttons is-content-justification-center is-layout-flex wp-container-core-buttons-is-layout-5e6b19ed wp-block-buttons-is-layout-flex\">\n<div class=\"wp-block-button\"><a class=\"wp-block-button__link has-black-color has-electric-grass-gradient-background has-text-color has-background has-link-color has-text-align-center wp-element-button\" href=\"https:\/\/gartenfreunde-grafschaft-emsland.de\/?page_id=431\" style=\"padding-top:var(--wp--preset--spacing--20);padding-bottom:var(--wp--preset--spacing--20)\"><strong>Fotos<\/strong><\/a><\/div>\n<\/div>\n\n\n\n<p><\/p>\n\n\n\n<p><strong>Kontakt<\/strong><br \/>Gisela und Gerrit Boll<br \/>Deilmannstra\u00dfe 12, (Am Berger Bahn\u00fcbergang)<br \/>49846 Hoogstede-Scheerhorn<br \/>Telefon: 05944\/659<br \/>Mail: <a href=\"mailto:%0A%20%20gisela59@gmx.de%20%0A%20%20\">gisela59@gmx.de<\/a><\/p>\n\n\n\n<div class=\"wp-block-buttons is-content-justification-center is-layout-flex wp-container-core-buttons-is-layout-5e6b19ed wp-block-buttons-is-layout-flex\">\n<div class=\"wp-block-button\"><a class=\"wp-block-button__link has-black-color has-electric-grass-gradient-background has-text-color has-background has-link-color wp-element-button\" href=\"https:\/\/goo.gl\/maps\/tYdHWcQVv1C2\" style=\"padding-top:var(--wp--preset--spacing--20);padding-bottom:var(--wp--preset--spacing--20)\" target=\"_blank\" rel=\"noreferrer noopener\"><strong>Google Maps<\/strong><\/a><\/div>\n<\/div>\n\n\n\n<p><\/p>\n\n\n\n<p><strong>\u00d6ffnungszeiten 2026<br \/><\/strong>Sonntag, 14. Juni<br \/>Sonntag, 05. Juli<\/p>\n\n\n\n<p>jeweils von 10:00-18:00 Uhr<\/p>\n\n\n\n<p>Eintritt pro Person 2.00 \u20ac<\/p>\n\n\n\n<p><\/p>\n\n\n\n<p><\/p>\n\n\n\n<p><\/p>\n","protected":false},"excerpt":{"rendered":"<p>Mit dem Wald als Kulisse l\u00e4dt der\u00a0 5000m\u00b2 gro\u00dfe artenreiche Liebhabergarten mit einigen lauschigen Sitzpl\u00e4tzen, Stauden-, Gr\u00e4ser- und Hostabeeten zum Schlendern, Entdecken und Genie\u00dfen ein. KontaktGisela und Gerrit BollDeilmannstra\u00dfe 12, (Am Berger Bahn\u00fcbergang)49846 Hoogstede-ScheerhornTelefon: 05944\/659Mail: gisela59@gmx.de \u00d6ffnungszeiten 2026Sonntag, 14. JuniSonntag, 05. Juli jeweils von 10:00-18:00 Uhr Eintritt pro Person 2.00 \u20ac<\/p>\n","protected":false},"author":8,"featured_media":0,"parent":0,"menu_order":20,"comment_status":"closed","ping_status":"closed","template":"","meta":{"footnotes":""},"class_list":["post-170","page","type-page","status-publish","hentry"],"_links":{"self":[{"href":"https:\/\/gartenfreunde-grafschaft-emsland.de\/index.php?rest_route=\/wp\/v2\/pages\/170","targetHints":{"allow":["GET"]}}],"collection":[{"href":"https:\/\/gartenfreunde-grafschaft-emsland.de\/index.php?rest_route=\/wp\/v2\/pages"}],"about":[{"href":"https:\/\/gartenfreunde-grafschaft-emsland.de\/index.php?rest_route=\/wp\/v2\/types\/page"}],"author":[{"embeddable":true,"href":"https:\/\/gartenfreunde-grafschaft-emsland.de\/index.php?rest_route=\/wp\/v2\/users\/8"}],"replies":[{"embeddable":true,"href":"https:\/\/gartenfreunde-grafschaft-emsland.de\/index.php?rest_route=%2Fwp%2Fv2%2Fcomments&post=170"}],"version-history":[{"count":0,"href":"https:\/\/gartenfreunde-grafschaft-emsland.de\/index.php?rest_route=\/wp\/v2\/pages\/170\/revisions"}],"wp:attachment":[{"href":"https:\/\/gartenfreunde-grafschaft-emsland.de\/index.php?rest_route=%2Fwp%2Fv2%2Fmedia&parent=170"}],"curies":[{"name":"wp","href":"https:\/\/api.w.org\/{rel}","templated":true}]}}