{"id":193,"date":"2013-11-27T18:13:47","date_gmt":"2013-11-27T17:13:47","guid":{"rendered":"http:\/\/gartenfreunde-grafschaftbentheim.de\/?page_id=193"},"modified":"2026-03-14T14:40:36","modified_gmt":"2026-03-14T13:40:36","slug":"10-garten-kruit-laar","status":"publish","type":"page","link":"https:\/\/gartenfreunde-grafschaft-emsland.de\/?page_id=193","title":{"rendered":"05 Garten Kruit &#8211; Laar"},"content":{"rendered":"\n<p>In der sch\u00f6nen Grafschaft Bentheim an der Vechte liegt unser Landschaftsgarten &#8222;Vechtetal Garten&#8220;&nbsp;mit Jahrhunderte alten Eichen und Buchen.&nbsp;Darunter bl\u00fchen im Fr\u00fchling viele Zwiebelblumen wie Narzissen, Krokusse usw. Buchenhecken strukturieren den Garten und bieten immer wieder Ausblicke \u00fcber die Vechte und den Garten. Sonnenbeete mit einem gro\u00dfen Sortiment besondere Stauden, einen neu angelegter Rosenpark und Schattenbeete mit zahlreichen Hostas, bisondere Farnen, und ein gro\u00dfe Sonnenbeet. <\/p>\n\n\n\n<p>Sie sind herzlich willkommen unseren Garten mit uns zu genie\u00dfen. Es ist m\u00f6glich eine Schifffahrt auf der Vechte zu machen mit der &#8222;Vechtezompe&#8220; in Kombination mit Ihren Gartenbesuch.<\/p>\n\n\n\n<p>\u00dcbernachtungsm\u00f6glichkeiten in sch\u00f6nen Ferienappartements siehe <a href=\"http:\/\/www.vechtetal-garten.com\/\" target=\"_blank\" rel=\"noopener noreferrer\">www.vechtetal-garten.com<\/a><\/p>\n\n\n\n<div class=\"wp-block-buttons is-content-justification-center is-layout-flex wp-container-core-buttons-is-layout-5e6b19ed wp-block-buttons-is-layout-flex\">\n<div class=\"wp-block-button\"><a class=\"wp-block-button__link has-black-color has-electric-grass-gradient-background has-text-color has-background has-link-color has-text-align-center wp-element-button\" href=\"https:\/\/gartenfreunde-grafschaft-emsland.de\/?page_id=902\" style=\"padding-top:var(--wp--preset--spacing--20);padding-bottom:var(--wp--preset--spacing--20)\"><strong>Fotos<\/strong><\/a><\/div>\n<\/div>\n\n\n\n<p><\/p>\n\n\n\n<p><strong>Kontakt<\/strong><br \/>Ina und Jan Kruit<br \/>Hauptstra\u00dfe 76,&nbsp; 49824 Laar<br \/>Telefon: 05947\/9101 79<br \/>Mail: <a href=\"mailto:%0A%0A%0A%0A%0A%0A%0A%0A%0A%0A%0A%0A%0A%0A%0A%0A%0A%0A%0A%0A%0A%0A%20%20jkruit@t-online.de%0A%20%20\">jkruit@t-online.de<\/a><\/p>\n\n\n\n<div class=\"wp-block-buttons is-content-justification-center is-layout-flex wp-container-core-buttons-is-layout-5e6b19ed wp-block-buttons-is-layout-flex\">\n<div class=\"wp-block-button\"><a class=\"wp-block-button__link has-black-color has-electric-grass-gradient-background has-text-color has-background has-link-color has-text-align-center wp-element-button\" href=\"https:\/\/goo.gl\/maps\/hRHaFXwhSrKdNCYD6\" style=\"padding-top:var(--wp--preset--spacing--20);padding-bottom:var(--wp--preset--spacing--20)\" target=\"_blank\" rel=\"noreferrer noopener\"><strong>Google Maps<\/strong><\/a><\/div>\n<\/div>\n\n\n\n<p><\/p>\n\n\n\n<p><strong>\u00d6ffnungszeiten 2026<br \/><\/strong>Samstag, 20. Juni<br \/>Sonntag, 21. Juni<br \/>Samstag, 01. August<br \/>Sonntag, 02. August<\/p>\n\n\n\n<p>jeweils von 10 bis 17 Uhr<\/p>\n","protected":false},"excerpt":{"rendered":"<p>In der sch\u00f6nen Grafschaft Bentheim an der Vechte liegt unser Landschaftsgarten &#8222;Vechtetal Garten&#8220;&nbsp;mit Jahrhunderte alten Eichen und Buchen.&nbsp;Darunter bl\u00fchen im Fr\u00fchling viele Zwiebelblumen wie Narzissen, Krokusse usw. Buchenhecken strukturieren den Garten und bieten immer wieder Ausblicke \u00fcber die Vechte und den Garten. Sonnenbeete mit einem gro\u00dfen Sortiment besondere Stauden, einen neu angelegter Rosenpark und Schattenbeete [&hellip;]<\/p>\n","protected":false},"author":8,"featured_media":0,"parent":0,"menu_order":50,"comment_status":"closed","ping_status":"closed","template":"","meta":{"footnotes":""},"class_list":["post-193","page","type-page","status-publish","hentry"],"_links":{"self":[{"href":"https:\/\/gartenfreunde-grafschaft-emsland.de\/index.php?rest_route=\/wp\/v2\/pages\/193","targetHints":{"allow":["GET"]}}],"collection":[{"href":"https:\/\/gartenfreunde-grafschaft-emsland.de\/index.php?rest_route=\/wp\/v2\/pages"}],"about":[{"href":"https:\/\/gartenfreunde-grafschaft-emsland.de\/index.php?rest_route=\/wp\/v2\/types\/page"}],"author":[{"embeddable":true,"href":"https:\/\/gartenfreunde-grafschaft-emsland.de\/index.php?rest_route=\/wp\/v2\/users\/8"}],"replies":[{"embeddable":true,"href":"https:\/\/gartenfreunde-grafschaft-emsland.de\/index.php?rest_route=%2Fwp%2Fv2%2Fcomments&post=193"}],"version-history":[{"count":0,"href":"https:\/\/gartenfreunde-grafschaft-emsland.de\/index.php?rest_route=\/wp\/v2\/pages\/193\/revisions"}],"wp:attachment":[{"href":"https:\/\/gartenfreunde-grafschaft-emsland.de\/index.php?rest_route=%2Fwp%2Fv2%2Fmedia&parent=193"}],"curies":[{"name":"wp","href":"https:\/\/api.w.org\/{rel}","templated":true}]}}