{"id":21376,"date":"2024-02-11T18:37:48","date_gmt":"2024-02-11T17:37:48","guid":{"rendered":"https:\/\/www.gartenfreunde-grafschaftbentheim.de\/?page_id=21376"},"modified":"2025-07-12T12:17:53","modified_gmt":"2025-07-12T10:17:53","slug":"kontakt","status":"publish","type":"page","link":"https:\/\/gartenfreunde-grafschaft-emsland.de\/?page_id=21376","title":{"rendered":"Kontakt"},"content":{"rendered":"\n<p>M\u00f6chten Sie eine Gartenbesichtigung au\u00dferhalb der angegebenen Termine, so rufen Sie bitte direkt den jeweiligen Gartenbesitzer an und vereinbaren einen Termin. Ansonsten steht Ihnen Gisela Boll\u00a0 (Tel.: 05944 659, E-Mail: gisela59@gmx.de) mit Rat zur Verf\u00fcgung. Auch wenn Sie Ihren eigenen Garten der \u00d6ffentlichkeit zeigen m\u00f6chten, k\u00f6nnen Sie sich unter der o. a. Telefonnummer melden.<\/p>\n","protected":false},"excerpt":{"rendered":"<p>M\u00f6chten Sie eine Gartenbesichtigung au\u00dferhalb der angegebenen Termine, so rufen Sie bitte direkt den jeweiligen Gartenbesitzer an und vereinbaren einen Termin. Ansonsten steht Ihnen Gisela Boll\u00a0 (Tel.: 05944 659, E-Mail: gisela59@gmx.de) mit Rat zur Verf\u00fcgung. Auch wenn Sie Ihren eigenen Garten der \u00d6ffentlichkeit zeigen m\u00f6chten, k\u00f6nnen Sie sich unter der o. a. Telefonnummer melden.<\/p>\n","protected":false},"author":8,"featured_media":0,"parent":0,"menu_order":8,"comment_status":"closed","ping_status":"closed","template":"","meta":{"footnotes":""},"class_list":["post-21376","page","type-page","status-publish","hentry"],"_links":{"self":[{"href":"https:\/\/gartenfreunde-grafschaft-emsland.de\/index.php?rest_route=\/wp\/v2\/pages\/21376","targetHints":{"allow":["GET"]}}],"collection":[{"href":"https:\/\/gartenfreunde-grafschaft-emsland.de\/index.php?rest_route=\/wp\/v2\/pages"}],"about":[{"href":"https:\/\/gartenfreunde-grafschaft-emsland.de\/index.php?rest_route=\/wp\/v2\/types\/page"}],"author":[{"embeddable":true,"href":"https:\/\/gartenfreunde-grafschaft-emsland.de\/index.php?rest_route=\/wp\/v2\/users\/8"}],"replies":[{"embeddable":true,"href":"https:\/\/gartenfreunde-grafschaft-emsland.de\/index.php?rest_route=%2Fwp%2Fv2%2Fcomments&post=21376"}],"version-history":[{"count":0,"href":"https:\/\/gartenfreunde-grafschaft-emsland.de\/index.php?rest_route=\/wp\/v2\/pages\/21376\/revisions"}],"wp:attachment":[{"href":"https:\/\/gartenfreunde-grafschaft-emsland.de\/index.php?rest_route=%2Fwp%2Fv2%2Fmedia&parent=21376"}],"curies":[{"name":"wp","href":"https:\/\/api.w.org\/{rel}","templated":true}]}}