{"id":21499,"date":"2026-01-11T11:16:59","date_gmt":"2026-01-11T10:16:59","guid":{"rendered":"https:\/\/www.gartenfreunde-grafschaftbentheim.de\/?page_id=21499"},"modified":"2026-03-21T18:09:39","modified_gmt":"2026-03-21T17:09:39","slug":"impressum-datenschutzerklaerung","status":"publish","type":"page","link":"https:\/\/gartenfreunde-grafschaft-emsland.de\/?page_id=21499","title":{"rendered":"Impressum"},"content":{"rendered":"\n<h3 class=\"wp-block-heading\">Angaben gem\u00e4\u00df \u00a7 5 Digitale-Dienste-Gesetz (DDG):<\/h3>\n\n\n\n<p><strong>Gartenfreunde Grafschaft Bentheim und Emsland<\/strong><br \/>Gisela Boll, E-Mail: gisela59@gmx.de<\/p>\n\n\n\n<h3 class=\"wp-block-heading\">Verantwortlich f\u00fcr den Inhalt nach \u00a7 18 Abs. 2 MStV<\/h3>\n\n\n\n<p><strong>Gartenfreunde Grafschaft Bentheim und Emsland<\/strong><br \/>Gisela Boll, E-Mail: gisela59@gmx.de<\/p>\n\n\n\n<p><strong>Hinweis zur Verantwortlichkeit f\u00fcr Inhalte:<br \/><\/strong>Die Texte und Beschreibungen der G\u00e4rten werden von den jeweiligen Gartenbesitzern bereitgestellt. Der Webmaster ist ausschlie\u00dflich f\u00fcr die technische Umsetzung und Pflege der Website verantwortlich, nicht jedoch f\u00fcr die inhaltliche Gestaltung der bereitgestellten Texte.<\/p>\n\n\n\n<h3 class=\"wp-block-heading\">Haftungsausschluss<\/h3>\n\n\n\n<p><strong>Haftung f\u00fcr Inhalte:<\/strong><br \/>Die Inhalte dieser Website wurden mit gr\u00f6\u00dfter Sorgfalt erstellt. F\u00fcr die Richtigkeit, Vollst\u00e4ndigkeit und Aktualit\u00e4t der Inhalte \u00fcbernehmen wir keine Gew\u00e4hr.<\/p>\n\n\n\n<p><strong>Haftung f\u00fcr Links:<\/strong><br \/>Diese Website enth\u00e4lt Links zu externen Websites Dritter, auf deren Inhalte wir keinen Einfluss haben. F\u00fcr die Inhalte der verlinkten Seiten ist stets der jeweilige Anbieter oder Betreiber verantwortlich.<\/p>\n\n\n\n<h3 class=\"wp-block-heading\">Urheberrecht<\/h3>\n\n\n\n<p>Die auf dieser Website ver\u00f6ffentlichten Inhalte unterliegen dem deutschen Urheberrecht. Eine Vervielf\u00e4ltigung oder Verwendung au\u00dferhalb der Grenzen des Urheberrechts bedarf der Zustimmung des jeweiligen Autors bzw. Erstellers.<\/p>\n","protected":false},"excerpt":{"rendered":"<p>Angaben gem\u00e4\u00df \u00a7 5 Digitale-Dienste-Gesetz (DDG): Gartenfreunde Grafschaft Bentheim und EmslandGisela Boll, E-Mail: gisela59@gmx.de Verantwortlich f\u00fcr den Inhalt nach \u00a7 18 Abs. 2 MStV Gartenfreunde Grafschaft Bentheim und EmslandGisela Boll, E-Mail: gisela59@gmx.de Hinweis zur Verantwortlichkeit f\u00fcr Inhalte:Die Texte und Beschreibungen der G\u00e4rten werden von den jeweiligen Gartenbesitzern bereitgestellt. Der Webmaster ist ausschlie\u00dflich f\u00fcr die technische [&hellip;]<\/p>\n","protected":false},"author":8,"featured_media":0,"parent":0,"menu_order":9,"comment_status":"closed","ping_status":"closed","template":"","meta":{"footnotes":""},"class_list":["post-21499","page","type-page","status-publish","hentry"],"_links":{"self":[{"href":"https:\/\/gartenfreunde-grafschaft-emsland.de\/index.php?rest_route=\/wp\/v2\/pages\/21499","targetHints":{"allow":["GET"]}}],"collection":[{"href":"https:\/\/gartenfreunde-grafschaft-emsland.de\/index.php?rest_route=\/wp\/v2\/pages"}],"about":[{"href":"https:\/\/gartenfreunde-grafschaft-emsland.de\/index.php?rest_route=\/wp\/v2\/types\/page"}],"author":[{"embeddable":true,"href":"https:\/\/gartenfreunde-grafschaft-emsland.de\/index.php?rest_route=\/wp\/v2\/users\/8"}],"replies":[{"embeddable":true,"href":"https:\/\/gartenfreunde-grafschaft-emsland.de\/index.php?rest_route=%2Fwp%2Fv2%2Fcomments&post=21499"}],"version-history":[{"count":0,"href":"https:\/\/gartenfreunde-grafschaft-emsland.de\/index.php?rest_route=\/wp\/v2\/pages\/21499\/revisions"}],"wp:attachment":[{"href":"https:\/\/gartenfreunde-grafschaft-emsland.de\/index.php?rest_route=%2Fwp%2Fv2%2Fmedia&parent=21499"}],"curies":[{"name":"wp","href":"https:\/\/api.w.org\/{rel}","templated":true}]}}