{"id":4276,"date":"2019-03-04T15:16:13","date_gmt":"2019-03-04T14:16:13","guid":{"rendered":"http:\/\/www.gartenfreunde-grafschaftbentheim.de\/?page_id=4276"},"modified":"2026-03-23T12:53:46","modified_gmt":"2026-03-23T11:53:46","slug":"15-garten-stermann-schapen","status":"publish","type":"page","link":"https:\/\/gartenfreunde-grafschaft-emsland.de\/?page_id=4276","title":{"rendered":"01 Garten Stermann &#8211; Schapen"},"content":{"rendered":"\n<p>Besuchen Sie einen ungew\u00f6hnlichen Garten in Schapen: Den WOLKENG\u00c4RTNER PARK Naturvertr\u00e4gliches nachhaltiges G\u00e4rtnern ist unser Antrieb. Durch eine Mischung aus Karl-Foersters Prinzip: \u201eEs wird durchgebl\u00fcht\u201c und New German Style f\u00fcr den Hausgarten habe ich eine einzigartige Pflanzung entwickelt: Bl\u00fcten an 365 Tagen im Jahr! Ziel ist es, bei geringster Pflege die gr\u00f6\u00dftm\u00f6gliche Sch\u00f6nheit zu sichern. Im Schatten von \u00fcber 100j\u00e4hrigen B\u00e4umen gedeiht eine umfangreiche Hosta-Sammlung. Zusammen mit selbst gestalteten tempor\u00e4ren Drahtskulpturen und Schrottkunst entwickelt sich eine Gartenkunstlandschaft, die Sie entdecken und erleben sollten.<\/p>\n\n\n\n<div class=\"wp-block-buttons is-content-justification-center is-layout-flex wp-container-core-buttons-is-layout-5e6b19ed wp-block-buttons-is-layout-flex\">\n<div class=\"wp-block-button\"><a class=\"wp-block-button__link has-black-color has-electric-grass-gradient-background has-text-color has-background has-link-color has-text-align-center wp-element-button\" href=\"https:\/\/gartenfreunde-grafschaft-emsland.de\/?page_id=4332\" style=\"padding-top:var(--wp--preset--spacing--20);padding-bottom:var(--wp--preset--spacing--20)\"><strong>Fotos<\/strong><\/a><\/div>\n<\/div>\n\n\n\n<p><\/p>\n\n\n\n<p><strong>Kontakt<\/strong><br \/>Georg Stermann<br \/>Hopstener Stra\u00dfe 20, 48480 Schapen<br \/>Telefon: 0251 \/ 7 62 44 48<br \/>Mail: g-stermann@t-online.de<\/p>\n\n\n\n<div class=\"wp-block-buttons is-content-justification-center is-layout-flex wp-container-core-buttons-is-layout-5e6b19ed wp-block-buttons-is-layout-flex\">\n<div class=\"wp-block-button\"><a class=\"wp-block-button__link has-black-color has-electric-grass-gradient-background has-text-color has-background has-link-color has-text-align-center wp-element-button\" href=\"https:\/\/goo.gl\/maps\/uH4MGeFGYSt\" style=\"padding-top:var(--wp--preset--spacing--20);padding-bottom:var(--wp--preset--spacing--20)\" target=\"_blank\" rel=\"noreferrer noopener\"><strong>Google Maps<\/strong><\/a><\/div>\n<\/div>\n\n\n\n<p><\/p>\n\n\n\n<p><strong>\u00d6ffnungszeiten 2026<br \/><\/strong>22. Februar, 11 &#8211; 16 Uhr &#8211; Entlang zigtausend Schneegl\u00f6ckchen und Cyclamen &#8211; au\u00dferdem Verkauf und\/oder Tausch besonderer Schneegl\u00f6ckchen<br \/>22. M\u00e4rz, 11 &#8211; 17 Uhr &#8211;&nbsp;Narzisssenbl\u00fctenmeer<br \/>13. und 14. Juni, 10 &#8211; 18 Uhr &#8211; Sommer im Garten<br \/>11. Oktober, 11 &#8211; 17 Uhr &#8211; Gr\u00e4sertanz, Astenschaum und Herbstcyclamen<\/p>\n\n\n\n<p>Eintritt frei<\/p>\n\n\n\n<p>Au\u00dferdem begr\u00fc\u00dfen wir von M\u00e4rz bis Oktober G\u00e4ste im Garten&nbsp;nach Absprache. Kontaktaufnahme unter 02 51\/ 7 62 44 48.<\/p>\n\n\n\n<p><\/p>\n","protected":false},"excerpt":{"rendered":"<p>Besuchen Sie einen ungew\u00f6hnlichen Garten in Schapen: Den WOLKENG\u00c4RTNER PARK Naturvertr\u00e4gliches nachhaltiges G\u00e4rtnern ist unser Antrieb. Durch eine Mischung aus Karl-Foersters Prinzip: \u201eEs wird durchgebl\u00fcht\u201c und New German Style f\u00fcr den Hausgarten habe ich eine einzigartige Pflanzung entwickelt: Bl\u00fcten an 365 Tagen im Jahr! Ziel ist es, bei geringster Pflege die gr\u00f6\u00dftm\u00f6gliche Sch\u00f6nheit zu sichern. [&hellip;]<\/p>\n","protected":false},"author":8,"featured_media":0,"parent":0,"menu_order":10,"comment_status":"closed","ping_status":"closed","template":"","meta":{"footnotes":""},"class_list":["post-4276","page","type-page","status-publish","hentry"],"_links":{"self":[{"href":"https:\/\/gartenfreunde-grafschaft-emsland.de\/index.php?rest_route=\/wp\/v2\/pages\/4276","targetHints":{"allow":["GET"]}}],"collection":[{"href":"https:\/\/gartenfreunde-grafschaft-emsland.de\/index.php?rest_route=\/wp\/v2\/pages"}],"about":[{"href":"https:\/\/gartenfreunde-grafschaft-emsland.de\/index.php?rest_route=\/wp\/v2\/types\/page"}],"author":[{"embeddable":true,"href":"https:\/\/gartenfreunde-grafschaft-emsland.de\/index.php?rest_route=\/wp\/v2\/users\/8"}],"replies":[{"embeddable":true,"href":"https:\/\/gartenfreunde-grafschaft-emsland.de\/index.php?rest_route=%2Fwp%2Fv2%2Fcomments&post=4276"}],"version-history":[{"count":0,"href":"https:\/\/gartenfreunde-grafschaft-emsland.de\/index.php?rest_route=\/wp\/v2\/pages\/4276\/revisions"}],"wp:attachment":[{"href":"https:\/\/gartenfreunde-grafschaft-emsland.de\/index.php?rest_route=%2Fwp%2Fv2%2Fmedia&parent=4276"}],"curies":[{"name":"wp","href":"https:\/\/api.w.org\/{rel}","templated":true}]}}